{"id":1157,"date":"2025-10-09T13:32:58","date_gmt":"2025-10-09T13:32:58","guid":{"rendered":"https:\/\/www.dev2-cowork-com.fr\/nohanent\/?page_id=1157"},"modified":"2025-10-09T13:46:04","modified_gmt":"2025-10-09T13:46:04","slug":"mentions-legales","status":"publish","type":"page","link":"https:\/\/www.dev2-cowork-com.fr\/nohanent\/mentions-legales\/","title":{"rendered":"Mentions l\u00e9gales"},"content":{"rendered":"\t\t<div data-elementor-type=\"wp-page\" data-elementor-id=\"1157\" class=\"elementor elementor-1157\">\n\t\t\t\t<div class=\"elementor-element elementor-element-e3411b8 e-flex e-con-boxed parallax_section_no qode_elementor_container_no e-con e-parent\" data-id=\"e3411b8\" data-element_type=\"container\">\n\t\t\t\t\t<div class=\"e-con-inner\">\n\t\t\t\t<div class=\"elementor-element elementor-element-3bd1e73 elementor-widget elementor-widget-spacer\" data-id=\"3bd1e73\" data-element_type=\"widget\" data-widget_type=\"spacer.default\">\n\t\t\t\t\t\t\t<div class=\"elementor-spacer\">\n\t\t\t<div class=\"elementor-spacer-inner\"><\/div>\n\t\t<\/div>\n\t\t\t\t\t\t<\/div>\n\t\t\t\t<div class=\"elementor-element elementor-element-722d293 elementor-widget elementor-widget-heading\" data-id=\"722d293\" data-element_type=\"widget\" data-widget_type=\"heading.default\">\n\t\t\t\t\t<h1 class=\"elementor-heading-title elementor-size-default\">MENTION L\u00c9GALES<\/h1>\t\t\t\t<\/div>\n\t\t\t\t<div class=\"elementor-element elementor-element-1bb6c6a elementor-widget elementor-widget-spacer\" data-id=\"1bb6c6a\" data-element_type=\"widget\" data-widget_type=\"spacer.default\">\n\t\t\t\t\t\t\t<div class=\"elementor-spacer\">\n\t\t\t<div class=\"elementor-spacer-inner\"><\/div>\n\t\t<\/div>\n\t\t\t\t\t\t<\/div>\n\t\t\t\t<div class=\"elementor-element elementor-element-2e20c59 elementor-widget elementor-widget-heading\" data-id=\"2e20c59\" data-element_type=\"widget\" data-widget_type=\"heading.default\">\n\t\t\t\t\t<h2 class=\"elementor-heading-title elementor-size-default\">PR\u00c9SENTATION DU SITE<\/h2>\t\t\t\t<\/div>\n\t\t\t\t<div class=\"elementor-element elementor-element-227d1de elementor-widget elementor-widget-spacer\" data-id=\"227d1de\" data-element_type=\"widget\" data-widget_type=\"spacer.default\">\n\t\t\t\t\t\t\t<div class=\"elementor-spacer\">\n\t\t\t<div class=\"elementor-spacer-inner\"><\/div>\n\t\t<\/div>\n\t\t\t\t\t\t<\/div>\n\t\t\t\t\t<\/div>\n\t\t\t\t<\/div>\n\t\t<div class=\"elementor-element elementor-element-60e0ce5 e-flex e-con-boxed parallax_section_no qode_elementor_container_no e-con e-parent\" data-id=\"60e0ce5\" data-element_type=\"container\">\n\t\t\t\t\t<div class=\"e-con-inner\">\n\t\t\t\t<div class=\"elementor-element elementor-element-65a2ca2 elementor-widget elementor-widget-text-editor\" data-id=\"65a2ca2\" data-element_type=\"widget\" data-widget_type=\"text-editor.default\">\n\t\t\t\t\t\t\t\t\t<p>En vertu de l\u2019article 6 de la loi n\u00b0 2004-575 du 21 juin 2004 pour la confiance dans l\u2019\u00e9conomie num\u00e9rique, il est pr\u00e9cis\u00e9 aux utilisateurs du site\u00a0MAIRIE DE NOHANENT l\u2019identit\u00e9 des diff\u00e9rents intervenants dans le cadre de sa r\u00e9alisation et de son suivi :<br \/><br \/><strong>Propri\u00e9taire<\/strong> : Mairie de Nohanent \u2013 2 Rte Durtol \u2013 63830 NOHANENT<br \/><strong>Responsable publication<\/strong> : Mairie de Nohanent \u2013 <a class=\"send-mail\" href=\"mailto:mairie@ville-nohanent.fr\">mairie@ville-nohanent.fr<\/a><br \/>Le responsable publication est une personne physique ou une personne morale.<br \/><br \/><strong>Cr\u00e9ateur du site\u00a0<\/strong>:\u00a0<a href=\"http:\/\/www.cowork-com.fr\/\">SASU CoWork&amp;Com<\/a>\u00a0\u2013 5 Route du crat\u00e8re \u2013 63530 Sayat<br \/><strong>Capital social :<\/strong>\u00a01.000 euros<br \/>Immatriculation au RCS de Clermont-Ferrand<br \/><strong>Num\u00e9ro SIREN :<\/strong>\u00a0825 210 867<br \/>Repr\u00e9sent\u00e9 par Madame Charlotte LEVADOUX, en sa qualit\u00e9 de pr\u00e9sidente.<\/p><p><strong>Adresse \u00e9lectronique :<\/strong>\u00a0<a href=\"mailto:contact@cowork-com.fr\">contact@cowork-com.fr<\/a><br \/><br \/><strong>H\u00e9bergeur<\/strong>\u00a0: O2SWITCH<\/p><p>222-224 boulevard Gustave Flaubert \u2013 63000 Clermont-Ferrand<\/p><p>T\u00e9l\u00e9phone : 04 44 44 60 40<\/p>\t\t\t\t\t\t\t\t<\/div>\n\t\t\t\t\t<\/div>\n\t\t\t\t<\/div>\n\t\t<div class=\"elementor-element elementor-element-e70b722 e-flex e-con-boxed parallax_section_no qode_elementor_container_no e-con e-parent\" data-id=\"e70b722\" data-element_type=\"container\">\n\t\t\t\t\t<div class=\"e-con-inner\">\n\t\t\t\t<div class=\"elementor-element elementor-element-4f72dc7 elementor-widget elementor-widget-spacer\" data-id=\"4f72dc7\" data-element_type=\"widget\" data-widget_type=\"spacer.default\">\n\t\t\t\t\t\t\t<div class=\"elementor-spacer\">\n\t\t\t<div class=\"elementor-spacer-inner\"><\/div>\n\t\t<\/div>\n\t\t\t\t\t\t<\/div>\n\t\t\t\t\t<\/div>\n\t\t\t\t<\/div>\n\t\t\t\t<\/div>\n\t\t","protected":false},"excerpt":{"rendered":"<p>MENTION L\u00c9GALES PR\u00c9SENTATION DU SITE En vertu de l\u2019article 6 de la loi n\u00b0 2004-575 du 21 juin 2004 pour la confiance dans l\u2019\u00e9conomie num\u00e9rique, il est pr\u00e9cis\u00e9 aux utilisateurs du site\u00a0MAIRIE DE NOHANENT l\u2019identit\u00e9 des diff\u00e9rents intervenants dans le cadre de sa r\u00e9alisation et&#8230;<\/p>\n","protected":false},"author":1,"featured_media":0,"parent":0,"menu_order":0,"comment_status":"closed","ping_status":"closed","template":"full_width.php","meta":{"footnotes":""},"class_list":["post-1157","page","type-page","status-publish","hentry"],"yoast_head":"<!-- This site is optimized with the Yoast SEO plugin v26.1.1 - https:\/\/yoast.com\/wordpress\/plugins\/seo\/ -->\n<title>Mentions l\u00e9gales - Mairie de Nohanent<\/title>\n<meta name=\"robots\" content=\"index, follow, max-snippet:-1, max-image-preview:large, max-video-preview:-1\" \/>\n<link rel=\"canonical\" href=\"https:\/\/www.dev2-cowork-com.fr\/nohanent\/mentions-legales\/\" \/>\n<meta property=\"og:locale\" content=\"fr_FR\" \/>\n<meta property=\"og:type\" content=\"article\" \/>\n<meta property=\"og:title\" content=\"Mentions l\u00e9gales - Mairie de Nohanent\" \/>\n<meta property=\"og:description\" content=\"MENTION L\u00c9GALES PR\u00c9SENTATION DU SITE En vertu de l\u2019article 6 de la loi n\u00b0 2004-575 du 21 juin 2004 pour la confiance dans l\u2019\u00e9conomie num\u00e9rique, il est pr\u00e9cis\u00e9 aux utilisateurs du site\u00a0MAIRIE DE NOHANENT l\u2019identit\u00e9 des diff\u00e9rents intervenants dans le cadre de sa r\u00e9alisation et...\" \/>\n<meta property=\"og:url\" content=\"https:\/\/www.dev2-cowork-com.fr\/nohanent\/mentions-legales\/\" \/>\n<meta property=\"og:site_name\" content=\"Mairie de Nohanent\" \/>\n<meta property=\"article:modified_time\" content=\"2025-10-09T13:46:04+00:00\" \/>\n<meta name=\"twitter:card\" content=\"summary_large_image\" \/>\n<meta name=\"twitter:label1\" content=\"Dur\u00e9e de lecture estim\u00e9e\" \/>\n\t<meta name=\"twitter:data1\" content=\"1 minute\" \/>\n<script type=\"application\/ld+json\" class=\"yoast-schema-graph\">{\"@context\":\"https:\/\/schema.org\",\"@graph\":[{\"@type\":\"WebPage\",\"@id\":\"https:\/\/www.dev2-cowork-com.fr\/nohanent\/mentions-legales\/\",\"url\":\"https:\/\/www.dev2-cowork-com.fr\/nohanent\/mentions-legales\/\",\"name\":\"Mentions l\u00e9gales - Mairie de Nohanent\",\"isPartOf\":{\"@id\":\"https:\/\/www.dev2-cowork-com.fr\/nohanent\/#website\"},\"datePublished\":\"2025-10-09T13:32:58+00:00\",\"dateModified\":\"2025-10-09T13:46:04+00:00\",\"breadcrumb\":{\"@id\":\"https:\/\/www.dev2-cowork-com.fr\/nohanent\/mentions-legales\/#breadcrumb\"},\"inLanguage\":\"fr-FR\",\"potentialAction\":[{\"@type\":\"ReadAction\",\"target\":[\"https:\/\/www.dev2-cowork-com.fr\/nohanent\/mentions-legales\/\"]}]},{\"@type\":\"BreadcrumbList\",\"@id\":\"https:\/\/www.dev2-cowork-com.fr\/nohanent\/mentions-legales\/#breadcrumb\",\"itemListElement\":[{\"@type\":\"ListItem\",\"position\":1,\"name\":\"Accueil\",\"item\":\"https:\/\/www.dev2-cowork-com.fr\/nohanent\/\"},{\"@type\":\"ListItem\",\"position\":2,\"name\":\"Mentions l\u00e9gales\"}]},{\"@type\":\"WebSite\",\"@id\":\"https:\/\/www.dev2-cowork-com.fr\/nohanent\/#website\",\"url\":\"https:\/\/www.dev2-cowork-com.fr\/nohanent\/\",\"name\":\"Mairie de Nohanent\",\"description\":\"Toute l&#039;actualit&eacute; de votre commune\",\"potentialAction\":[{\"@type\":\"SearchAction\",\"target\":{\"@type\":\"EntryPoint\",\"urlTemplate\":\"https:\/\/www.dev2-cowork-com.fr\/nohanent\/?s={search_term_string}\"},\"query-input\":{\"@type\":\"PropertyValueSpecification\",\"valueRequired\":true,\"valueName\":\"search_term_string\"}}],\"inLanguage\":\"fr-FR\"}]}<\/script>\n<!-- \/ Yoast SEO plugin. -->","yoast_head_json":{"title":"Mentions l\u00e9gales - Mairie de Nohanent","robots":{"index":"index","follow":"follow","max-snippet":"max-snippet:-1","max-image-preview":"max-image-preview:large","max-video-preview":"max-video-preview:-1"},"canonical":"https:\/\/www.dev2-cowork-com.fr\/nohanent\/mentions-legales\/","og_locale":"fr_FR","og_type":"article","og_title":"Mentions l\u00e9gales - Mairie de Nohanent","og_description":"MENTION L\u00c9GALES PR\u00c9SENTATION DU SITE En vertu de l\u2019article 6 de la loi n\u00b0 2004-575 du 21 juin 2004 pour la confiance dans l\u2019\u00e9conomie num\u00e9rique, il est pr\u00e9cis\u00e9 aux utilisateurs du site\u00a0MAIRIE DE NOHANENT l\u2019identit\u00e9 des diff\u00e9rents intervenants dans le cadre de sa r\u00e9alisation et...","og_url":"https:\/\/www.dev2-cowork-com.fr\/nohanent\/mentions-legales\/","og_site_name":"Mairie de Nohanent","article_modified_time":"2025-10-09T13:46:04+00:00","twitter_card":"summary_large_image","twitter_misc":{"Dur\u00e9e de lecture estim\u00e9e":"1 minute"},"schema":{"@context":"https:\/\/schema.org","@graph":[{"@type":"WebPage","@id":"https:\/\/www.dev2-cowork-com.fr\/nohanent\/mentions-legales\/","url":"https:\/\/www.dev2-cowork-com.fr\/nohanent\/mentions-legales\/","name":"Mentions l\u00e9gales - Mairie de Nohanent","isPartOf":{"@id":"https:\/\/www.dev2-cowork-com.fr\/nohanent\/#website"},"datePublished":"2025-10-09T13:32:58+00:00","dateModified":"2025-10-09T13:46:04+00:00","breadcrumb":{"@id":"https:\/\/www.dev2-cowork-com.fr\/nohanent\/mentions-legales\/#breadcrumb"},"inLanguage":"fr-FR","potentialAction":[{"@type":"ReadAction","target":["https:\/\/www.dev2-cowork-com.fr\/nohanent\/mentions-legales\/"]}]},{"@type":"BreadcrumbList","@id":"https:\/\/www.dev2-cowork-com.fr\/nohanent\/mentions-legales\/#breadcrumb","itemListElement":[{"@type":"ListItem","position":1,"name":"Accueil","item":"https:\/\/www.dev2-cowork-com.fr\/nohanent\/"},{"@type":"ListItem","position":2,"name":"Mentions l\u00e9gales"}]},{"@type":"WebSite","@id":"https:\/\/www.dev2-cowork-com.fr\/nohanent\/#website","url":"https:\/\/www.dev2-cowork-com.fr\/nohanent\/","name":"Mairie de Nohanent","description":"Toute l&#039;actualit&eacute; de votre commune","potentialAction":[{"@type":"SearchAction","target":{"@type":"EntryPoint","urlTemplate":"https:\/\/www.dev2-cowork-com.fr\/nohanent\/?s={search_term_string}"},"query-input":{"@type":"PropertyValueSpecification","valueRequired":true,"valueName":"search_term_string"}}],"inLanguage":"fr-FR"}]}},"_links":{"self":[{"href":"https:\/\/www.dev2-cowork-com.fr\/nohanent\/wp-json\/wp\/v2\/pages\/1157","targetHints":{"allow":["GET"]}}],"collection":[{"href":"https:\/\/www.dev2-cowork-com.fr\/nohanent\/wp-json\/wp\/v2\/pages"}],"about":[{"href":"https:\/\/www.dev2-cowork-com.fr\/nohanent\/wp-json\/wp\/v2\/types\/page"}],"author":[{"embeddable":true,"href":"https:\/\/www.dev2-cowork-com.fr\/nohanent\/wp-json\/wp\/v2\/users\/1"}],"replies":[{"embeddable":true,"href":"https:\/\/www.dev2-cowork-com.fr\/nohanent\/wp-json\/wp\/v2\/comments?post=1157"}],"version-history":[{"count":25,"href":"https:\/\/www.dev2-cowork-com.fr\/nohanent\/wp-json\/wp\/v2\/pages\/1157\/revisions"}],"predecessor-version":[{"id":1183,"href":"https:\/\/www.dev2-cowork-com.fr\/nohanent\/wp-json\/wp\/v2\/pages\/1157\/revisions\/1183"}],"wp:attachment":[{"href":"https:\/\/www.dev2-cowork-com.fr\/nohanent\/wp-json\/wp\/v2\/media?parent=1157"}],"curies":[{"name":"wp","href":"https:\/\/api.w.org\/{rel}","templated":true}]}}