{"id":1192,"date":"2025-11-20T10:27:40","date_gmt":"2025-11-20T10:27:40","guid":{"rendered":"https:\/\/www.dev2-cowork-com.fr\/nohanent\/?page_id=1192"},"modified":"2025-11-20T15:55:21","modified_gmt":"2025-11-20T15:55:21","slug":"ccas","status":"publish","type":"page","link":"https:\/\/www.dev2-cowork-com.fr\/nohanent\/ccas\/","title":{"rendered":"CCAS"},"content":{"rendered":"\t\t<div data-elementor-type=\"wp-page\" data-elementor-id=\"1192\" class=\"elementor elementor-1192\">\n\t\t\t\t\t\t<section class=\"elementor-section elementor-top-section elementor-element elementor-element-f62ce33 elementor-section-full_width qode_elementor_container_inner elementor-section-height-default elementor-section-height-default parallax_section_no\" data-id=\"f62ce33\" data-element_type=\"section\">\n\t\t\t\t\t\t<div class=\"elementor-container elementor-column-gap-no\">\n\t\t\t\t\t<div class=\"elementor-column elementor-col-100 elementor-top-column elementor-element elementor-element-2dda8e4\" data-id=\"2dda8e4\" data-element_type=\"column\">\n\t\t\t<div class=\"elementor-widget-wrap elementor-element-populated\">\n\t\t\t\t\t\t<div class=\"elementor-element elementor-element-d0f3065 elementor-widget elementor-widget-heading\" data-id=\"d0f3065\" data-element_type=\"widget\" data-widget_type=\"heading.default\">\n\t\t\t\t\t<h2 class=\"elementor-heading-title elementor-size-default\">LE CCAS DE NOHANENT<\/h2>\t\t\t\t<\/div>\n\t\t\t\t<div class=\"elementor-element elementor-element-6ae3aa6 elementor-widget elementor-widget-text-editor\" data-id=\"6ae3aa6\" data-element_type=\"widget\" data-widget_type=\"text-editor.default\">\n\t\t\t\t\t\t\t\t\t<p>Le Centre Communal d&#8217;Action Sociale\u00a0<\/p>\t\t\t\t\t\t\t\t<\/div>\n\t\t\t\t<div class=\"elementor-element elementor-element-1d69261 elementor-widget elementor-widget-text-editor\" data-id=\"1d69261\" data-element_type=\"widget\" data-widget_type=\"text-editor.default\">\n\t\t\t\t\t\t\t\t\t<p>Le CCAS de Nohanent joue un r\u00f4le essentiel dans l\u2019accompagnement des habitants et soutient les personnes en difficult\u00e9. Il propose des actions de pr\u00e9vention et d\u00e9veloppe des activit\u00e9s cr\u00e9atrices de lien social.<\/p>\t\t\t\t\t\t\t\t<\/div>\n\t\t\t\t\t<\/div>\n\t\t<\/div>\n\t\t\t\t\t<\/div>\n\t\t<\/section>\n\t\t\t\t<section class=\"elementor-section elementor-top-section elementor-element elementor-element-77c6925 elementor-section-full_width qode_elementor_container_inner elementor-section-height-default elementor-section-height-default parallax_section_no\" data-id=\"77c6925\" data-element_type=\"section\">\n\t\t\t\t\t\t<div class=\"elementor-container elementor-column-gap-no\">\n\t\t\t\t\t<div class=\"elementor-column elementor-col-100 elementor-top-column elementor-element elementor-element-8464c7c\" data-id=\"8464c7c\" data-element_type=\"column\">\n\t\t\t<div class=\"elementor-widget-wrap elementor-element-populated\">\n\t\t\t\t\t\t<div class=\"elementor-element elementor-element-2209d2c elementor-widget elementor-widget-bridge_pricing_tables\" data-id=\"2209d2c\" data-element_type=\"widget\" data-widget_type=\"bridge_pricing_tables.default\">\n\t\t\t\t<div class=\"elementor-widget-container\">\n\t\t\t\t\t\n        <div class=\"qode_pricing_tables clearfix three_columns\">\n\n        <div class=\"q_price_table  qode_pricing_table_advanced\"><div class=\"price_table_inner\"><div class=\"qode_price_table_prices\"><div class=\"qode_price_table_prices_inner\"><span class=\"price\">1<\/span><sup class=\"value\"><\/sup><span class=\"mark\"><\/span><\/div><\/div><ul class=\"qode_pricing_table_text\"><li class='cell qode_pt_title'><h3>Aide alimentaire<\/h3><\/li><li class=\"pricing_table_content\"><ul><li>partenariat avec Vival<\/li><li>paniers adapt\u00e9s<\/li><li>renforce la proximit\u00e9<\/li><li>soutien dans le village<\/li><\/ul><\/li><\/ul><\/div><\/div><div class=\"q_price_table  qode_pricing_table_advanced\"><div class=\"price_table_inner\"><div class=\"qode_price_table_prices\"><div class=\"qode_price_table_prices_inner\"><span class=\"price\">2<\/span><sup class=\"value\"><\/sup><span class=\"mark\"><\/span><\/div><\/div><ul class=\"qode_pricing_table_text\"><li class='cell qode_pt_title'><h3>Mutuelle Village<\/h3><\/li><li class=\"pricing_table_content\"><ul><li>partenariat avec PRECOCIA<\/li><li>couverture de qualit\u00e9<\/li><li>tarif attractif<\/li><li>uniquement pour les r\u00e9sidents<\/li><\/ul><\/li><\/ul><\/div><\/div><div class=\"q_price_table  qode_pricing_table_advanced\"><div class=\"price_table_inner\"><div class=\"qode_price_table_prices\"><div class=\"qode_price_table_prices_inner\"><span class=\"price\">3<\/span><sup class=\"value\"><\/sup><span class=\"mark\"><\/span><\/div><\/div><ul class=\"qode_pricing_table_text\"><li class='cell qode_pt_title'><h3>Ateliers<\/h3><\/li><li class=\"pricing_table_content\"><ul><li>renouvel\u00e9s chaque trimestre<\/li><li>choix vari\u00e9s<\/li><li>anim\u00e9s par des b\u00e9n\u00e9voles<\/li><li>rompre l'isolement<\/li><\/ul><\/li><\/ul><\/div><\/div>\n        <\/div>\n\n        \t\t\t\t<\/div>\n\t\t\t\t<\/div>\n\t\t\t\t\t<\/div>\n\t\t<\/div>\n\t\t\t\t\t<\/div>\n\t\t<\/section>\n\t\t\t\t<section class=\"elementor-section elementor-top-section elementor-element elementor-element-6bb063d elementor-section-full_width qode_elementor_container_inner elementor-section-height-default elementor-section-height-default parallax_section_no\" data-id=\"6bb063d\" data-element_type=\"section\">\n\t\t\t\t\t\t<div class=\"elementor-container elementor-column-gap-no\">\n\t\t\t\t\t<div class=\"elementor-column elementor-col-100 elementor-top-column elementor-element elementor-element-9cfb1e7\" data-id=\"9cfb1e7\" data-element_type=\"column\">\n\t\t\t<div class=\"elementor-widget-wrap elementor-element-populated\">\n\t\t\t\t\t\t<div class=\"elementor-element elementor-element-8b7c28f elementor-widget elementor-widget-bridge_pricing_tables\" data-id=\"8b7c28f\" data-element_type=\"widget\" data-widget_type=\"bridge_pricing_tables.default\">\n\t\t\t\t<div class=\"elementor-widget-container\">\n\t\t\t\t\t\n        <div class=\"qode_pricing_tables clearfix three_columns\">\n\n        <div class=\"q_price_table  qode_pricing_table_advanced\"><div class=\"price_table_inner\"><div class=\"qode_price_table_prices\"><div class=\"qode_price_table_prices_inner\"><span class=\"price\">4<\/span><sup class=\"value\"><\/sup><span class=\"mark\"><\/span><\/div><\/div><ul class=\"qode_pricing_table_text\"><li class='cell qode_pt_title'><h3>Banque alimentaire<\/h3><\/li><li class=\"pricing_table_content\"><ul><li>un colis par mois<\/li><li>apr\u00e8s un RDV avec l'assistante sociale<\/li><li>permanence \u00e0 la mairie pour aider les personnes \u00e0 monter leur dossier<\/li><\/ul><\/li><\/ul><\/div><\/div><div class=\"q_price_table  qode_pricing_table_advanced\"><div class=\"price_table_inner\"><div class=\"qode_price_table_prices\"><div class=\"qode_price_table_prices_inner\"><span class=\"price\">5<\/span><sup class=\"value\"><\/sup><span class=\"mark\"><\/span><\/div><\/div><ul class=\"qode_pricing_table_text\"><li class='cell qode_pt_title'><h3>Plan canicule<\/h3><\/li><li class=\"pricing_table_content\"><ul><li>contacte rapidement personnes \u00e2g\u00e9es, fragiles ou isol\u00e9es<\/li><li>s'assure qu'elles disposent de ressources n\u00e9cessaires<\/li><li>contacte rapidement les personnes concern\u00e9es<\/li><\/ul><\/li><\/ul><\/div><\/div>\n        <\/div>\n\n        \t\t\t\t<\/div>\n\t\t\t\t<\/div>\n\t\t\t\t\t<\/div>\n\t\t<\/div>\n\t\t\t\t\t<\/div>\n\t\t<\/section>\n\t\t\t\t<\/div>\n\t\t","protected":false},"excerpt":{"rendered":"<p>LE CCAS DE NOHANENT Le Centre Communal d&#8217;Action Sociale\u00a0 Le CCAS de Nohanent joue un r\u00f4le essentiel dans l\u2019accompagnement des habitants et soutient les personnes en difficult\u00e9. Il propose des actions de pr\u00e9vention et d\u00e9veloppe des activit\u00e9s cr\u00e9atrices de lien social. 1 Aide alimentaire partenariat&#8230;<\/p>\n","protected":false},"author":1,"featured_media":0,"parent":0,"menu_order":0,"comment_status":"closed","ping_status":"closed","template":"full_width.php","meta":{"footnotes":""},"class_list":["post-1192","page","type-page","status-publish","hentry"],"yoast_head":"<!-- This site is optimized with the Yoast SEO plugin v26.1.1 - https:\/\/yoast.com\/wordpress\/plugins\/seo\/ -->\n<title>CCAS - Mairie de Nohanent<\/title>\n<meta name=\"robots\" content=\"index, follow, max-snippet:-1, max-image-preview:large, max-video-preview:-1\" \/>\n<link rel=\"canonical\" href=\"https:\/\/www.dev2-cowork-com.fr\/nohanent\/ccas\/\" \/>\n<meta property=\"og:locale\" content=\"fr_FR\" \/>\n<meta property=\"og:type\" content=\"article\" \/>\n<meta property=\"og:title\" content=\"CCAS - Mairie de Nohanent\" \/>\n<meta property=\"og:description\" content=\"LE CCAS DE NOHANENT Le Centre Communal d&#8217;Action Sociale\u00a0 Le CCAS de Nohanent joue un r\u00f4le essentiel dans l\u2019accompagnement des habitants et soutient les personnes en difficult\u00e9. Il propose des actions de pr\u00e9vention et d\u00e9veloppe des activit\u00e9s cr\u00e9atrices de lien social. 1 Aide alimentaire partenariat...\" \/>\n<meta property=\"og:url\" content=\"https:\/\/www.dev2-cowork-com.fr\/nohanent\/ccas\/\" \/>\n<meta property=\"og:site_name\" content=\"Mairie de Nohanent\" \/>\n<meta property=\"article:modified_time\" content=\"2025-11-20T15:55:21+00:00\" \/>\n<meta name=\"twitter:card\" content=\"summary_large_image\" \/>\n<meta name=\"twitter:label1\" content=\"Dur\u00e9e de lecture estim\u00e9e\" \/>\n\t<meta name=\"twitter:data1\" content=\"1 minute\" \/>\n<script type=\"application\/ld+json\" class=\"yoast-schema-graph\">{\"@context\":\"https:\/\/schema.org\",\"@graph\":[{\"@type\":\"WebPage\",\"@id\":\"https:\/\/www.dev2-cowork-com.fr\/nohanent\/ccas\/\",\"url\":\"https:\/\/www.dev2-cowork-com.fr\/nohanent\/ccas\/\",\"name\":\"CCAS - Mairie de Nohanent\",\"isPartOf\":{\"@id\":\"https:\/\/www.dev2-cowork-com.fr\/nohanent\/#website\"},\"datePublished\":\"2025-11-20T10:27:40+00:00\",\"dateModified\":\"2025-11-20T15:55:21+00:00\",\"breadcrumb\":{\"@id\":\"https:\/\/www.dev2-cowork-com.fr\/nohanent\/ccas\/#breadcrumb\"},\"inLanguage\":\"fr-FR\",\"potentialAction\":[{\"@type\":\"ReadAction\",\"target\":[\"https:\/\/www.dev2-cowork-com.fr\/nohanent\/ccas\/\"]}]},{\"@type\":\"BreadcrumbList\",\"@id\":\"https:\/\/www.dev2-cowork-com.fr\/nohanent\/ccas\/#breadcrumb\",\"itemListElement\":[{\"@type\":\"ListItem\",\"position\":1,\"name\":\"Accueil\",\"item\":\"https:\/\/www.dev2-cowork-com.fr\/nohanent\/\"},{\"@type\":\"ListItem\",\"position\":2,\"name\":\"CCAS\"}]},{\"@type\":\"WebSite\",\"@id\":\"https:\/\/www.dev2-cowork-com.fr\/nohanent\/#website\",\"url\":\"https:\/\/www.dev2-cowork-com.fr\/nohanent\/\",\"name\":\"Mairie de Nohanent\",\"description\":\"Toute l&#039;actualit&eacute; de votre commune\",\"potentialAction\":[{\"@type\":\"SearchAction\",\"target\":{\"@type\":\"EntryPoint\",\"urlTemplate\":\"https:\/\/www.dev2-cowork-com.fr\/nohanent\/?s={search_term_string}\"},\"query-input\":{\"@type\":\"PropertyValueSpecification\",\"valueRequired\":true,\"valueName\":\"search_term_string\"}}],\"inLanguage\":\"fr-FR\"}]}<\/script>\n<!-- \/ Yoast SEO plugin. -->","yoast_head_json":{"title":"CCAS - Mairie de Nohanent","robots":{"index":"index","follow":"follow","max-snippet":"max-snippet:-1","max-image-preview":"max-image-preview:large","max-video-preview":"max-video-preview:-1"},"canonical":"https:\/\/www.dev2-cowork-com.fr\/nohanent\/ccas\/","og_locale":"fr_FR","og_type":"article","og_title":"CCAS - Mairie de Nohanent","og_description":"LE CCAS DE NOHANENT Le Centre Communal d&#8217;Action Sociale\u00a0 Le CCAS de Nohanent joue un r\u00f4le essentiel dans l\u2019accompagnement des habitants et soutient les personnes en difficult\u00e9. Il propose des actions de pr\u00e9vention et d\u00e9veloppe des activit\u00e9s cr\u00e9atrices de lien social. 1 Aide alimentaire partenariat...","og_url":"https:\/\/www.dev2-cowork-com.fr\/nohanent\/ccas\/","og_site_name":"Mairie de Nohanent","article_modified_time":"2025-11-20T15:55:21+00:00","twitter_card":"summary_large_image","twitter_misc":{"Dur\u00e9e de lecture estim\u00e9e":"1 minute"},"schema":{"@context":"https:\/\/schema.org","@graph":[{"@type":"WebPage","@id":"https:\/\/www.dev2-cowork-com.fr\/nohanent\/ccas\/","url":"https:\/\/www.dev2-cowork-com.fr\/nohanent\/ccas\/","name":"CCAS - Mairie de Nohanent","isPartOf":{"@id":"https:\/\/www.dev2-cowork-com.fr\/nohanent\/#website"},"datePublished":"2025-11-20T10:27:40+00:00","dateModified":"2025-11-20T15:55:21+00:00","breadcrumb":{"@id":"https:\/\/www.dev2-cowork-com.fr\/nohanent\/ccas\/#breadcrumb"},"inLanguage":"fr-FR","potentialAction":[{"@type":"ReadAction","target":["https:\/\/www.dev2-cowork-com.fr\/nohanent\/ccas\/"]}]},{"@type":"BreadcrumbList","@id":"https:\/\/www.dev2-cowork-com.fr\/nohanent\/ccas\/#breadcrumb","itemListElement":[{"@type":"ListItem","position":1,"name":"Accueil","item":"https:\/\/www.dev2-cowork-com.fr\/nohanent\/"},{"@type":"ListItem","position":2,"name":"CCAS"}]},{"@type":"WebSite","@id":"https:\/\/www.dev2-cowork-com.fr\/nohanent\/#website","url":"https:\/\/www.dev2-cowork-com.fr\/nohanent\/","name":"Mairie de Nohanent","description":"Toute l&#039;actualit&eacute; de votre commune","potentialAction":[{"@type":"SearchAction","target":{"@type":"EntryPoint","urlTemplate":"https:\/\/www.dev2-cowork-com.fr\/nohanent\/?s={search_term_string}"},"query-input":{"@type":"PropertyValueSpecification","valueRequired":true,"valueName":"search_term_string"}}],"inLanguage":"fr-FR"}]}},"_links":{"self":[{"href":"https:\/\/www.dev2-cowork-com.fr\/nohanent\/wp-json\/wp\/v2\/pages\/1192","targetHints":{"allow":["GET"]}}],"collection":[{"href":"https:\/\/www.dev2-cowork-com.fr\/nohanent\/wp-json\/wp\/v2\/pages"}],"about":[{"href":"https:\/\/www.dev2-cowork-com.fr\/nohanent\/wp-json\/wp\/v2\/types\/page"}],"author":[{"embeddable":true,"href":"https:\/\/www.dev2-cowork-com.fr\/nohanent\/wp-json\/wp\/v2\/users\/1"}],"replies":[{"embeddable":true,"href":"https:\/\/www.dev2-cowork-com.fr\/nohanent\/wp-json\/wp\/v2\/comments?post=1192"}],"version-history":[{"count":31,"href":"https:\/\/www.dev2-cowork-com.fr\/nohanent\/wp-json\/wp\/v2\/pages\/1192\/revisions"}],"predecessor-version":[{"id":1229,"href":"https:\/\/www.dev2-cowork-com.fr\/nohanent\/wp-json\/wp\/v2\/pages\/1192\/revisions\/1229"}],"wp:attachment":[{"href":"https:\/\/www.dev2-cowork-com.fr\/nohanent\/wp-json\/wp\/v2\/media?parent=1192"}],"curies":[{"name":"wp","href":"https:\/\/api.w.org\/{rel}","templated":true}]}}