{"id":1284,"date":"2025-11-21T09:24:50","date_gmt":"2025-11-21T09:24:50","guid":{"rendered":"https:\/\/www.dev2-cowork-com.fr\/nohanent\/?page_id=1284"},"modified":"2025-11-21T10:07:59","modified_gmt":"2025-11-21T10:07:59","slug":"urbanisme-travaux","status":"publish","type":"page","link":"https:\/\/www.dev2-cowork-com.fr\/nohanent\/urbanisme-travaux\/","title":{"rendered":"Urbanisme\/Travaux"},"content":{"rendered":"\t\t<div data-elementor-type=\"wp-page\" data-elementor-id=\"1284\" class=\"elementor elementor-1284\">\n\t\t\t\t\t\t<section class=\"elementor-section elementor-top-section elementor-element elementor-element-f62ce33 elementor-section-full_width qode_elementor_container_inner elementor-section-height-default elementor-section-height-default parallax_section_no\" data-id=\"f62ce33\" data-element_type=\"section\">\n\t\t\t\t\t\t<div class=\"elementor-container elementor-column-gap-no\">\n\t\t\t\t\t<div class=\"elementor-column elementor-col-100 elementor-top-column elementor-element elementor-element-2dda8e4\" data-id=\"2dda8e4\" data-element_type=\"column\">\n\t\t\t<div class=\"elementor-widget-wrap elementor-element-populated\">\n\t\t\t\t\t\t<div class=\"elementor-element elementor-element-d0f3065 elementor-widget elementor-widget-heading\" data-id=\"d0f3065\" data-element_type=\"widget\" data-widget_type=\"heading.default\">\n\t\t\t\t\t<h2 class=\"elementor-heading-title elementor-size-default\">PROJET EN COURS<\/h2>\t\t\t\t<\/div>\n\t\t\t\t<div class=\"elementor-element elementor-element-6ae3aa6 elementor-widget elementor-widget-text-editor\" data-id=\"6ae3aa6\" data-element_type=\"widget\" data-widget_type=\"text-editor.default\">\n\t\t\t\t\t\t\t\t\t<p>Modernisation et projet Inspire dans la ville de Nohanent<\/p>\t\t\t\t\t\t\t\t<\/div>\n\t\t\t\t<div class=\"elementor-element elementor-element-1d69261 elementor-widget elementor-widget-text-editor\" data-id=\"1d69261\" data-element_type=\"widget\" data-widget_type=\"text-editor.default\">\n\t\t\t\t\t\t\t\t\t<p>Les informations sur les travaux et l\u2019urbanisme aident les habitants \u00e0 suivre les projets en cours et \u00e0 mieux comprendre les r\u00e8gles qui encadrent les constructions dans la commune.\u00a0<\/p>\t\t\t\t\t\t\t\t<\/div>\n\t\t\t\t<div class=\"elementor-element elementor-element-348db73 elementor-widget elementor-widget-spacer\" data-id=\"348db73\" data-element_type=\"widget\" data-widget_type=\"spacer.default\">\n\t\t\t\t\t\t\t<div class=\"elementor-spacer\">\n\t\t\t<div class=\"elementor-spacer-inner\"><\/div>\n\t\t<\/div>\n\t\t\t\t\t\t<\/div>\n\t\t\t\t\t<\/div>\n\t\t<\/div>\n\t\t\t\t\t<\/div>\n\t\t<\/section>\n\t\t<div class=\"elementor-element elementor-element-255b9ac e-flex e-con-boxed parallax_section_no qode_elementor_container_no e-con e-parent\" data-id=\"255b9ac\" data-element_type=\"container\">\n\t\t\t\t\t<div class=\"e-con-inner\">\n\t\t<div class=\"elementor-element elementor-element-a277146 e-con-full e-flex parallax_section_no qode_elementor_container_no e-con e-child\" data-id=\"a277146\" data-element_type=\"container\">\n\t\t\t\t<div class=\"elementor-element elementor-element-fe971dc elementor-widget elementor-widget-image\" data-id=\"fe971dc\" data-element_type=\"widget\" data-widget_type=\"image.default\">\n\t\t\t\t\t\t\t\t\t\t\t\t\t\t\t<img decoding=\"async\" src=\"https:\/\/www.dev2-cowork-com.fr\/nohanent\/wp-content\/uploads\/elementor\/thumbs\/Travauxurbanisme-Nohanent-rf0zdzezmb7a47a0s6jjw77vkb3p9l053zja0gs4do.png\" title=\"Travaux:urbanisme Nohanent\" alt=\"Travaux:urbanisme Nohanent\" loading=\"lazy\" \/>\t\t\t\t\t\t\t\t\t\t\t\t\t\t\t<\/div>\n\t\t\t\t<div class=\"elementor-element elementor-element-9fdeedb elementor-widget elementor-widget-heading\" data-id=\"9fdeedb\" data-element_type=\"widget\" data-widget_type=\"heading.default\">\n\t\t\t\t\t<h4 class=\"elementor-heading-title elementor-size-default\">Un village qui se modernise<\/h4>\t\t\t\t<\/div>\n\t\t\t\t<div class=\"elementor-element elementor-element-8846f90 elementor-widget elementor-widget-text-editor\" data-id=\"8846f90\" data-element_type=\"widget\" data-widget_type=\"text-editor.default\">\n\t\t\t\t\t\t\t\t\t<p>La commune investit r\u00e9guli\u00e8rement dans des travaux de modernisation pour am\u00e9liorer la qualit\u00e9 de vie. Plusieurs chantiers d\u2019envergure ont \u00e9t\u00e9 men\u00e9s : mise en conformit\u00e9 et r\u00e9novation des b\u00e2timents municipaux, modernisation de la cr\u00e8che et extension de l\u2019accueil p\u00e9riscolaire, am\u00e9lioration des \u00e9quipements du gymnase, travaux d\u2019isolation et d\u2019entretien sur diff\u00e9rents sites communaux.<\/p>\t\t\t\t\t\t\t\t<\/div>\n\t\t\t\t<\/div>\n\t\t<div class=\"elementor-element elementor-element-e56148c e-con-full e-flex parallax_section_no qode_elementor_container_no e-con e-child\" data-id=\"e56148c\" data-element_type=\"container\">\n\t\t\t\t<div class=\"elementor-element elementor-element-dfbb978 elementor-widget elementor-widget-image\" data-id=\"dfbb978\" data-element_type=\"widget\" data-widget_type=\"image.default\">\n\t\t\t\t\t\t\t\t\t\t\t\t\t\t\t<img decoding=\"async\" src=\"https:\/\/www.dev2-cowork-com.fr\/nohanent\/wp-content\/uploads\/elementor\/thumbs\/Projet-Inspire-Clermont-Ferrand-e1763717767153-rf0z2hu037h47ryrv7rpf3l26rq76re8v4hmuptcfg.png\" title=\"Projet Inspire Clermont-Ferrand\" alt=\"Projet Inspire Clermont-Ferrand\" loading=\"lazy\" \/>\t\t\t\t\t\t\t\t\t\t\t\t\t\t\t<\/div>\n\t\t\t\t<div class=\"elementor-element elementor-element-7e33c41 elementor-widget elementor-widget-heading\" data-id=\"7e33c41\" data-element_type=\"widget\" data-widget_type=\"heading.default\">\n\t\t\t\t\t<h4 class=\"elementor-heading-title elementor-size-default\">Le projet Inspire<\/h4>\t\t\t\t<\/div>\n\t\t\t\t<div class=\"elementor-element elementor-element-d4d8f21 elementor-widget elementor-widget-text-editor\" data-id=\"d4d8f21\" data-element_type=\"widget\" data-widget_type=\"text-editor.default\">\n\t\t\t\t\t\t\t\t\t<p>Nohanent est concern\u00e9e par le projet m\u00e9tropolitain <strong>Inspire<\/strong>, qui vise \u00e0 repenser l\u2019organisation du territoire \u00e0 l\u2019\u00e9chelle de Clermont Auvergne M\u00e9tropole. Ce projet, qui impacte le PLUi et plusieurs choix d\u2019am\u00e9nagement, suscite des attentes en mati\u00e8re d\u2019information et de transparence. Les habitants restent attentifs aux \u00e9volutions et aux d\u00e9cisions futures concernant l\u2019am\u00e9nagement communal.<\/p>\t\t\t\t\t\t\t\t<\/div>\n\t\t\t\t<\/div>\n\t\t<div class=\"elementor-element elementor-element-f64f261 e-con-full e-flex parallax_section_no qode_elementor_container_no e-con e-child\" data-id=\"f64f261\" data-element_type=\"container\">\n\t\t\t\t<div class=\"elementor-element elementor-element-90bc510 elementor-widget elementor-widget-image\" data-id=\"90bc510\" data-element_type=\"widget\" data-widget_type=\"image.default\">\n\t\t\t\t\t\t\t\t\t\t\t\t\t\t\t<img decoding=\"async\" src=\"https:\/\/www.dev2-cowork-com.fr\/nohanent\/wp-content\/uploads\/elementor\/thumbs\/Nohanent-economie-denergie-rf104ennqndghkwahlpzzj6cq8v5n9wi2rqnohlpgs.png\" title=\"Nohanent e\u0301conomie d&#8217;e\u0301nergie\" alt=\"Nohanent e\u0301conomie d&#039;e\u0301nergie\" loading=\"lazy\" \/>\t\t\t\t\t\t\t\t\t\t\t\t\t\t\t<\/div>\n\t\t\t\t<div class=\"elementor-element elementor-element-38e7089 elementor-widget elementor-widget-heading\" data-id=\"38e7089\" data-element_type=\"widget\" data-widget_type=\"heading.default\">\n\t\t\t\t\t<h4 class=\"elementor-heading-title elementor-size-default\">Des \u00e9conomies d'\u00e9nergie<\/h4>\t\t\t\t<\/div>\n\t\t\t\t<div class=\"elementor-element elementor-element-c068ce2 elementor-widget elementor-widget-text-editor\" data-id=\"c068ce2\" data-element_type=\"widget\" data-widget_type=\"text-editor.default\">\n\t\t\t\t\t\t\t\t\t<p>La commune a mis en place plusieurs actions pour r\u00e9duire sa consommation d\u2019\u00e9nergie : installation de panneaux solaires sur la mairie, remplacement progressif des ampoules par des LED et \u00e9tude de minuteries pour limiter les \u00e9clairages inutiles dans les b\u00e2timents. Concernant l\u2019\u00e9clairage public, un lampadaire sur deux reste allum\u00e9 pour garantir la s\u00e9curit\u00e9, sans impact budg\u00e9taire pour la commune.<\/p>\t\t\t\t\t\t\t\t<\/div>\n\t\t\t\t<\/div>\n\t\t\t\t\t<\/div>\n\t\t\t\t<\/div>\n\t\t<div class=\"elementor-element elementor-element-2de1ad1 e-flex e-con-boxed parallax_section_no qode_elementor_container_no e-con e-parent\" data-id=\"2de1ad1\" data-element_type=\"container\">\n\t\t\t\t\t<div class=\"e-con-inner\">\n\t\t\t\t<div class=\"elementor-element elementor-element-e71db09 elementor-widget elementor-widget-spacer\" data-id=\"e71db09\" data-element_type=\"widget\" data-widget_type=\"spacer.default\">\n\t\t\t\t\t\t\t<div class=\"elementor-spacer\">\n\t\t\t<div class=\"elementor-spacer-inner\"><\/div>\n\t\t<\/div>\n\t\t\t\t\t\t<\/div>\n\t\t\t\t\t<\/div>\n\t\t\t\t<\/div>\n\t\t\t\t<\/div>\n\t\t","protected":false},"excerpt":{"rendered":"<p>PROJET EN COURS Modernisation et projet Inspire dans la ville de Nohanent Les informations sur les travaux et l\u2019urbanisme aident les habitants \u00e0 suivre les projets en cours et \u00e0 mieux comprendre les r\u00e8gles qui encadrent les constructions dans la commune.\u00a0 Un village qui se&#8230;<\/p>\n","protected":false},"author":1,"featured_media":0,"parent":0,"menu_order":0,"comment_status":"closed","ping_status":"closed","template":"full_width.php","meta":{"footnotes":""},"class_list":["post-1284","page","type-page","status-publish","hentry"],"yoast_head":"<!-- This site is optimized with the Yoast SEO plugin v26.1.1 - https:\/\/yoast.com\/wordpress\/plugins\/seo\/ -->\n<title>Urbanisme\/Travaux - Mairie de Nohanent<\/title>\n<meta name=\"robots\" content=\"index, follow, max-snippet:-1, max-image-preview:large, max-video-preview:-1\" \/>\n<link rel=\"canonical\" href=\"https:\/\/www.dev2-cowork-com.fr\/nohanent\/urbanisme-travaux\/\" \/>\n<meta property=\"og:locale\" content=\"fr_FR\" \/>\n<meta property=\"og:type\" content=\"article\" \/>\n<meta property=\"og:title\" content=\"Urbanisme\/Travaux - Mairie de Nohanent\" \/>\n<meta property=\"og:description\" content=\"PROJET EN COURS Modernisation et projet Inspire dans la ville de Nohanent Les informations sur les travaux et l\u2019urbanisme aident les habitants \u00e0 suivre les projets en cours et \u00e0 mieux comprendre les r\u00e8gles qui encadrent les constructions dans la commune.\u00a0 Un village qui se...\" \/>\n<meta property=\"og:url\" content=\"https:\/\/www.dev2-cowork-com.fr\/nohanent\/urbanisme-travaux\/\" \/>\n<meta property=\"og:site_name\" content=\"Mairie de Nohanent\" \/>\n<meta property=\"article:modified_time\" content=\"2025-11-21T10:07:59+00:00\" \/>\n<meta property=\"og:image\" content=\"https:\/\/www.dev2-cowork-com.fr\/nohanent\/wp-content\/uploads\/elementor\/thumbs\/Travauxurbanisme-Nohanent-rf0zdzezmb7a47a0s6jjw77vkb3p9l053zj9r8k64g.png\" \/>\n<meta name=\"twitter:card\" content=\"summary_large_image\" \/>\n<meta name=\"twitter:label1\" content=\"Dur\u00e9e de lecture estim\u00e9e\" \/>\n\t<meta name=\"twitter:data1\" content=\"2 minutes\" \/>\n<script type=\"application\/ld+json\" class=\"yoast-schema-graph\">{\"@context\":\"https:\/\/schema.org\",\"@graph\":[{\"@type\":\"WebPage\",\"@id\":\"https:\/\/www.dev2-cowork-com.fr\/nohanent\/urbanisme-travaux\/\",\"url\":\"https:\/\/www.dev2-cowork-com.fr\/nohanent\/urbanisme-travaux\/\",\"name\":\"Urbanisme\/Travaux - Mairie de Nohanent\",\"isPartOf\":{\"@id\":\"https:\/\/www.dev2-cowork-com.fr\/nohanent\/#website\"},\"primaryImageOfPage\":{\"@id\":\"https:\/\/www.dev2-cowork-com.fr\/nohanent\/urbanisme-travaux\/#primaryimage\"},\"image\":{\"@id\":\"https:\/\/www.dev2-cowork-com.fr\/nohanent\/urbanisme-travaux\/#primaryimage\"},\"thumbnailUrl\":\"https:\/\/www.dev2-cowork-com.fr\/nohanent\/wp-content\/uploads\/elementor\/thumbs\/Travauxurbanisme-Nohanent-rf0zdzezmb7a47a0s6jjw77vkb3p9l053zj9r8k64g.png\",\"datePublished\":\"2025-11-21T09:24:50+00:00\",\"dateModified\":\"2025-11-21T10:07:59+00:00\",\"breadcrumb\":{\"@id\":\"https:\/\/www.dev2-cowork-com.fr\/nohanent\/urbanisme-travaux\/#breadcrumb\"},\"inLanguage\":\"fr-FR\",\"potentialAction\":[{\"@type\":\"ReadAction\",\"target\":[\"https:\/\/www.dev2-cowork-com.fr\/nohanent\/urbanisme-travaux\/\"]}]},{\"@type\":\"ImageObject\",\"inLanguage\":\"fr-FR\",\"@id\":\"https:\/\/www.dev2-cowork-com.fr\/nohanent\/urbanisme-travaux\/#primaryimage\",\"url\":\"https:\/\/www.dev2-cowork-com.fr\/nohanent\/wp-content\/uploads\/elementor\/thumbs\/Travauxurbanisme-Nohanent-rf0zdzezmb7a47a0s6jjw77vkb3p9l053zj9r8k64g.png\",\"contentUrl\":\"https:\/\/www.dev2-cowork-com.fr\/nohanent\/wp-content\/uploads\/elementor\/thumbs\/Travauxurbanisme-Nohanent-rf0zdzezmb7a47a0s6jjw77vkb3p9l053zj9r8k64g.png\"},{\"@type\":\"BreadcrumbList\",\"@id\":\"https:\/\/www.dev2-cowork-com.fr\/nohanent\/urbanisme-travaux\/#breadcrumb\",\"itemListElement\":[{\"@type\":\"ListItem\",\"position\":1,\"name\":\"Accueil\",\"item\":\"https:\/\/www.dev2-cowork-com.fr\/nohanent\/\"},{\"@type\":\"ListItem\",\"position\":2,\"name\":\"Urbanisme\/Travaux\"}]},{\"@type\":\"WebSite\",\"@id\":\"https:\/\/www.dev2-cowork-com.fr\/nohanent\/#website\",\"url\":\"https:\/\/www.dev2-cowork-com.fr\/nohanent\/\",\"name\":\"Mairie de Nohanent\",\"description\":\"Toute l&#039;actualit&eacute; de votre commune\",\"potentialAction\":[{\"@type\":\"SearchAction\",\"target\":{\"@type\":\"EntryPoint\",\"urlTemplate\":\"https:\/\/www.dev2-cowork-com.fr\/nohanent\/?s={search_term_string}\"},\"query-input\":{\"@type\":\"PropertyValueSpecification\",\"valueRequired\":true,\"valueName\":\"search_term_string\"}}],\"inLanguage\":\"fr-FR\"}]}<\/script>\n<!-- \/ Yoast SEO plugin. -->","yoast_head_json":{"title":"Urbanisme\/Travaux - Mairie de Nohanent","robots":{"index":"index","follow":"follow","max-snippet":"max-snippet:-1","max-image-preview":"max-image-preview:large","max-video-preview":"max-video-preview:-1"},"canonical":"https:\/\/www.dev2-cowork-com.fr\/nohanent\/urbanisme-travaux\/","og_locale":"fr_FR","og_type":"article","og_title":"Urbanisme\/Travaux - Mairie de Nohanent","og_description":"PROJET EN COURS Modernisation et projet Inspire dans la ville de Nohanent Les informations sur les travaux et l\u2019urbanisme aident les habitants \u00e0 suivre les projets en cours et \u00e0 mieux comprendre les r\u00e8gles qui encadrent les constructions dans la commune.\u00a0 Un village qui se...","og_url":"https:\/\/www.dev2-cowork-com.fr\/nohanent\/urbanisme-travaux\/","og_site_name":"Mairie de Nohanent","article_modified_time":"2025-11-21T10:07:59+00:00","og_image":[{"url":"https:\/\/www.dev2-cowork-com.fr\/nohanent\/wp-content\/uploads\/elementor\/thumbs\/Travauxurbanisme-Nohanent-rf0zdzezmb7a47a0s6jjw77vkb3p9l053zj9r8k64g.png","type":"","width":"","height":""}],"twitter_card":"summary_large_image","twitter_misc":{"Dur\u00e9e de lecture estim\u00e9e":"2 minutes"},"schema":{"@context":"https:\/\/schema.org","@graph":[{"@type":"WebPage","@id":"https:\/\/www.dev2-cowork-com.fr\/nohanent\/urbanisme-travaux\/","url":"https:\/\/www.dev2-cowork-com.fr\/nohanent\/urbanisme-travaux\/","name":"Urbanisme\/Travaux - Mairie de Nohanent","isPartOf":{"@id":"https:\/\/www.dev2-cowork-com.fr\/nohanent\/#website"},"primaryImageOfPage":{"@id":"https:\/\/www.dev2-cowork-com.fr\/nohanent\/urbanisme-travaux\/#primaryimage"},"image":{"@id":"https:\/\/www.dev2-cowork-com.fr\/nohanent\/urbanisme-travaux\/#primaryimage"},"thumbnailUrl":"https:\/\/www.dev2-cowork-com.fr\/nohanent\/wp-content\/uploads\/elementor\/thumbs\/Travauxurbanisme-Nohanent-rf0zdzezmb7a47a0s6jjw77vkb3p9l053zj9r8k64g.png","datePublished":"2025-11-21T09:24:50+00:00","dateModified":"2025-11-21T10:07:59+00:00","breadcrumb":{"@id":"https:\/\/www.dev2-cowork-com.fr\/nohanent\/urbanisme-travaux\/#breadcrumb"},"inLanguage":"fr-FR","potentialAction":[{"@type":"ReadAction","target":["https:\/\/www.dev2-cowork-com.fr\/nohanent\/urbanisme-travaux\/"]}]},{"@type":"ImageObject","inLanguage":"fr-FR","@id":"https:\/\/www.dev2-cowork-com.fr\/nohanent\/urbanisme-travaux\/#primaryimage","url":"https:\/\/www.dev2-cowork-com.fr\/nohanent\/wp-content\/uploads\/elementor\/thumbs\/Travauxurbanisme-Nohanent-rf0zdzezmb7a47a0s6jjw77vkb3p9l053zj9r8k64g.png","contentUrl":"https:\/\/www.dev2-cowork-com.fr\/nohanent\/wp-content\/uploads\/elementor\/thumbs\/Travauxurbanisme-Nohanent-rf0zdzezmb7a47a0s6jjw77vkb3p9l053zj9r8k64g.png"},{"@type":"BreadcrumbList","@id":"https:\/\/www.dev2-cowork-com.fr\/nohanent\/urbanisme-travaux\/#breadcrumb","itemListElement":[{"@type":"ListItem","position":1,"name":"Accueil","item":"https:\/\/www.dev2-cowork-com.fr\/nohanent\/"},{"@type":"ListItem","position":2,"name":"Urbanisme\/Travaux"}]},{"@type":"WebSite","@id":"https:\/\/www.dev2-cowork-com.fr\/nohanent\/#website","url":"https:\/\/www.dev2-cowork-com.fr\/nohanent\/","name":"Mairie de Nohanent","description":"Toute l&#039;actualit&eacute; de votre commune","potentialAction":[{"@type":"SearchAction","target":{"@type":"EntryPoint","urlTemplate":"https:\/\/www.dev2-cowork-com.fr\/nohanent\/?s={search_term_string}"},"query-input":{"@type":"PropertyValueSpecification","valueRequired":true,"valueName":"search_term_string"}}],"inLanguage":"fr-FR"}]}},"_links":{"self":[{"href":"https:\/\/www.dev2-cowork-com.fr\/nohanent\/wp-json\/wp\/v2\/pages\/1284","targetHints":{"allow":["GET"]}}],"collection":[{"href":"https:\/\/www.dev2-cowork-com.fr\/nohanent\/wp-json\/wp\/v2\/pages"}],"about":[{"href":"https:\/\/www.dev2-cowork-com.fr\/nohanent\/wp-json\/wp\/v2\/types\/page"}],"author":[{"embeddable":true,"href":"https:\/\/www.dev2-cowork-com.fr\/nohanent\/wp-json\/wp\/v2\/users\/1"}],"replies":[{"embeddable":true,"href":"https:\/\/www.dev2-cowork-com.fr\/nohanent\/wp-json\/wp\/v2\/comments?post=1284"}],"version-history":[{"count":22,"href":"https:\/\/www.dev2-cowork-com.fr\/nohanent\/wp-json\/wp\/v2\/pages\/1284\/revisions"}],"predecessor-version":[{"id":1314,"href":"https:\/\/www.dev2-cowork-com.fr\/nohanent\/wp-json\/wp\/v2\/pages\/1284\/revisions\/1314"}],"wp:attachment":[{"href":"https:\/\/www.dev2-cowork-com.fr\/nohanent\/wp-json\/wp\/v2\/media?parent=1284"}],"curies":[{"name":"wp","href":"https:\/\/api.w.org\/{rel}","templated":true}]}}