{"id":508,"date":"2025-09-29T08:32:16","date_gmt":"2025-09-29T08:32:16","guid":{"rendered":"https:\/\/bridge384.qodeinteractive.com\/?page_id=508"},"modified":"2025-10-09T13:21:01","modified_gmt":"2025-10-09T13:21:01","slug":"au-quotidien","status":"publish","type":"page","link":"https:\/\/www.dev2-cowork-com.fr\/nohanent\/au-quotidien\/","title":{"rendered":"Au quotidien"},"content":{"rendered":"\t\t<div data-elementor-type=\"wp-page\" data-elementor-id=\"508\" class=\"elementor elementor-508\">\n\t\t\t\t\t\t<section class=\"elementor-section elementor-top-section elementor-element elementor-element-66d4803c elementor-section-full_width qode_elementor_container_inner elementor-section-height-default elementor-section-height-default parallax_section_no\" data-id=\"66d4803c\" data-element_type=\"section\">\n\t\t\t\t\t\t<div class=\"elementor-container elementor-column-gap-no\">\n\t\t\t\t\t<div class=\"elementor-column elementor-col-100 elementor-top-column elementor-element elementor-element-5154343a\" data-id=\"5154343a\" data-element_type=\"column\">\n\t\t\t<div class=\"elementor-widget-wrap elementor-element-populated\">\n\t\t\t\t\t\t<div class=\"elementor-element elementor-element-75126b5e elementor-widget elementor-widget-bridge_masonry_blog\" data-id=\"75126b5e\" data-element_type=\"widget\" data-widget_type=\"bridge_masonry_blog.default\">\n\t\t\t\t<div class=\"elementor-widget-container\">\n\t\t\t\t\t<div class='q_masonry_blog'><div class=\"q_masonry_blog_grid_sizer\"><\/div><div class=\"q_masonry_blog_grid_gutter\"><\/div><article class=\"post-263 post type-post status-publish format-standard has-post-thumbnail hentry category-uncategorized tag-cheap tag-city tag-enjoy tag-food tag-tips tag-weekend\"><div class=\"q_masonry_blog_post_image\"><a itemprop=\"url\" href=\"https:\/\/www.dev2-cowork-com.fr\/nohanent\/2020\/07\/27\/les-loisirs-pour-la-jeunesse\/\" target=\"_self\"><img decoding=\"async\" itemprop=\"image\" src=\"https:\/\/www.dev2-cowork-com.fr\/nohanent\/wp-content\/uploads\/2020\/07\/4.png\" alt=\"\" \/><\/a><\/div><div class=\"q_masonry_blog_post_text\"><h4 itemprop=\"name\" class=\"q_masonry_blog_title entry_title\"><a itemprop=\"url\" href=\"https:\/\/www.dev2-cowork-com.fr\/nohanent\/2020\/07\/27\/les-loisirs-pour-la-jeunesse\/\">LES LOISIRS POUR LA JEUNESSE<\/a><\/h4><p itemprop=\"description\" class=\"q_masonry_blog_excerpt\">Samedi 8 septembre, culture, sports&#8230; pas le temps de s\u2019ennuyer ! Des touts petits aux ados, tous trouveront leur bonheur, \u00e0 Nohanent....<\/p><div class=\"q_masonry_blog_post_info\"><\/div><\/div><\/article><article class=\"post-257 post type-post status-publish format-standard has-post-thumbnail hentry category-uncategorized tag-cheap tag-city tag-enjoy tag-food tag-tips tag-weekend\"><div class=\"q_masonry_blog_post_image\"><a itemprop=\"url\" href=\"https:\/\/www.dev2-cowork-com.fr\/nohanent\/2020\/07\/27\/le-bulletin-municipal\/\" target=\"_self\"><img decoding=\"async\" itemprop=\"image\" src=\"https:\/\/www.dev2-cowork-com.fr\/nohanent\/wp-content\/uploads\/2020\/07\/PLAYMOOVIN-CARRE.png\" alt=\"\" \/><\/a><\/div><div class=\"q_masonry_blog_post_text\"><h4 itemprop=\"name\" class=\"q_masonry_blog_title entry_title\"><a itemprop=\"url\" href=\"https:\/\/www.dev2-cowork-com.fr\/nohanent\/2020\/07\/27\/le-bulletin-municipal\/\">LE BULLETIN MUNICIPAL<\/a><\/h4><p itemprop=\"description\" class=\"q_masonry_blog_excerpt\">Samedi 1 novembre, le maire Laurent Ganet a pr\u00e9sent\u00e9 le nouveau bulletin municipal, un num\u00e9ro particulier puisqu\u2019\u00e0 mi-mandat il fait le bilan....<\/p><div class=\"q_masonry_blog_post_info\"><\/div><\/div><\/article><article class=\"post-248 post type-post status-publish format-standard has-post-thumbnail hentry category-uncategorized tag-cheap tag-city tag-enjoy tag-food tag-tips tag-weekend\"><div class=\"q_masonry_blog_post_image\"><a itemprop=\"url\" href=\"https:\/\/www.dev2-cowork-com.fr\/nohanent\/2020\/07\/27\/les-nouveaux-commercants\/\" target=\"_self\"><img decoding=\"async\" itemprop=\"image\" src=\"https:\/\/www.dev2-cowork-com.fr\/nohanent\/wp-content\/uploads\/2020\/07\/3.png\" alt=\"\" \/><\/a><\/div><div class=\"q_masonry_blog_post_text\"><h4 itemprop=\"name\" class=\"q_masonry_blog_title entry_title\"><a itemprop=\"url\" href=\"https:\/\/www.dev2-cowork-com.fr\/nohanent\/2020\/07\/27\/les-nouveaux-commercants\/\">LES NOUVEAUX COMMER\u00c7ANTS<\/a><\/h4><p itemprop=\"description\" class=\"q_masonry_blog_excerpt\">Samedi 28 octobre, ouverture de la toute nouvelle boulangerie H\u00e9brard Philipe \u00e0 Nohanent, une bonne nouvelle....<\/p><div class=\"q_masonry_blog_post_info\"><\/div><\/div><\/article><article class=\"post-255 post type-post status-publish format-link hentry category-uncategorized tag-cheap tag-city tag-enjoy tag-food tag-tips tag-weekend post_format-post-format-link\"><div class=\"q_masonry_blog_post_text\"><div class=\"q_masonry_blog_post_info\"><\/div><i class=\"link_mark fa fa-link pull-left\"><\/i><div class=\"q_masonry_blog_post_title entry_title\"><p><a itemprop=\"url\" href=\"https:\/\/www.dev2-cowork-com.fr\/nohanent\/2020\/07\/27\/how-to-shape-your-first-surfboard\/\">How To Shape Your  First Surfboard<\/a><\/p><\/div><\/div><\/article><\/div>\t\t\t\t<\/div>\n\t\t\t\t<\/div>\n\t\t\t\t\t<\/div>\n\t\t<\/div>\n\t\t\t\t\t<\/div>\n\t\t<\/section>\n\t\t\t\t<section class=\"elementor-section elementor-top-section elementor-element elementor-element-41e1cc4f elementor-section-full_width elementor-section-height-default elementor-section-height-default parallax_section_no qode_elementor_container_no\" data-id=\"41e1cc4f\" data-element_type=\"section\" data-settings=\"{&quot;background_background&quot;:&quot;classic&quot;}\">\n\t\t\t\t\t\t<div class=\"elementor-container elementor-column-gap-no\">\n\t\t\t\t\t<div class=\"elementor-column elementor-col-100 elementor-top-column elementor-element elementor-element-6798940b\" data-id=\"6798940b\" data-element_type=\"column\">\n\t\t\t<div class=\"elementor-widget-wrap elementor-element-populated\">\n\t\t\t\t\t\t<section class=\"elementor-section elementor-inner-section elementor-element elementor-element-4c726342 elementor-section-full_width qode_elementor_container_inner elementor-section-height-default elementor-section-height-default parallax_section_no\" data-id=\"4c726342\" data-element_type=\"section\">\n\t\t\t\t\t\t<div class=\"elementor-container elementor-column-gap-no\">\n\t\t\t\t\t<div class=\"elementor-column elementor-col-50 elementor-inner-column elementor-element elementor-element-4727e42d\" data-id=\"4727e42d\" data-element_type=\"column\">\n\t\t\t<div class=\"elementor-widget-wrap elementor-element-populated\">\n\t\t\t\t\t\t<div class=\"elementor-element elementor-element-4f769f29 elementor-widget elementor-widget-text-editor\" data-id=\"4f769f29\" data-element_type=\"widget\" data-widget_type=\"text-editor.default\">\n\t\t\t\t\t\t\t\t\t<h2>Join the newsletter<\/h2>\t\t\t\t\t\t\t\t<\/div>\n\t\t\t\t<div class=\"elementor-element elementor-element-56889cd7 elementor-widget elementor-widget-text-editor\" data-id=\"56889cd7\" data-element_type=\"widget\" data-widget_type=\"text-editor.default\">\n\t\t\t\t\t\t\t\t\t<h6>To receive our best monthly deals<\/h6>\t\t\t\t\t\t\t\t<\/div>\n\t\t\t\t\t<\/div>\n\t\t<\/div>\n\t\t\t\t<div class=\"elementor-column elementor-col-50 elementor-inner-column elementor-element elementor-element-6dcd374b\" data-id=\"6dcd374b\" data-element_type=\"column\">\n\t\t\t<div class=\"elementor-widget-wrap elementor-element-populated\">\n\t\t\t\t\t\t<div class=\"elementor-element elementor-element-2f41bdd5 elementor-widget elementor-widget-bridge_cf_7\" data-id=\"2f41bdd5\" data-element_type=\"widget\" data-widget_type=\"bridge_cf_7.default\">\n\t\t\t\t<div class=\"elementor-widget-container\">\n\t\t\t\t\t    <div class=\"qode-contact-form-7 qode-contact-form-7-0\">\n    <p class=\"wpcf7-contact-form-not-found\"><strong>Erreur\u00a0:<\/strong> Formulaire de contact non trouv\u00e9\u00a0!<\/p>    <\/div>\n\t\t\t\t<\/div>\n\t\t\t\t<\/div>\n\t\t\t\t\t<\/div>\n\t\t<\/div>\n\t\t\t\t\t<\/div>\n\t\t<\/section>\n\t\t\t\t<section class=\"elementor-section elementor-inner-section elementor-element elementor-element-5a5ae14e elementor-section-full_width qode_elementor_container_inner elementor-section-height-default elementor-section-height-default parallax_section_no\" data-id=\"5a5ae14e\" data-element_type=\"section\">\n\t\t\t\t\t\t<div class=\"elementor-container elementor-column-gap-no\">\n\t\t\t\t\t<div class=\"elementor-column elementor-col-100 elementor-inner-column elementor-element elementor-element-3d28a0f7\" data-id=\"3d28a0f7\" data-element_type=\"column\">\n\t\t\t<div class=\"elementor-widget-wrap elementor-element-populated\">\n\t\t\t\t\t\t<div class=\"elementor-element elementor-element-2510dd elementor-widget elementor-widget-image\" data-id=\"2510dd\" data-element_type=\"widget\" data-widget_type=\"image.default\">\n\t\t\t\t\t\t\t\t\t\t\t\t\t\t\t<img decoding=\"async\" width=\"140\" height=\"134\" src=\"https:\/\/www.dev2-cowork-com.fr\/nohanent\/wp-content\/uploads\/2020\/07\/single-img-5.png\" class=\"attachment-full size-full wp-image-286\" alt=\"m\" \/>\t\t\t\t\t\t\t\t\t\t\t\t\t\t\t<\/div>\n\t\t\t\t\t<\/div>\n\t\t<\/div>\n\t\t\t\t\t<\/div>\n\t\t<\/section>\n\t\t\t\t\t<\/div>\n\t\t<\/div>\n\t\t\t\t\t<\/div>\n\t\t<\/section>\n\t\t\t\t<\/div>\n\t\t","protected":false},"excerpt":{"rendered":"<p>LES LOISIRS POUR LA JEUNESSE Samedi 8 septembre, culture, sports&#8230; pas le temps de s\u2019ennuyer ! Des touts petits aux ados, tous trouveront leur bonheur, \u00e0 Nohanent&#8230;. LE BULLETIN MUNICIPAL Samedi 1 novembre, le maire Laurent Ganet a pr\u00e9sent\u00e9 le nouveau bulletin municipal, un num\u00e9ro&#8230;<\/p>\n","protected":false},"author":1,"featured_media":0,"parent":0,"menu_order":0,"comment_status":"closed","ping_status":"closed","template":"full_width.php","meta":{"footnotes":""},"class_list":["post-508","page","type-page","status-publish","hentry"],"yoast_head":"<!-- This site is optimized with the Yoast SEO plugin v26.1.1 - https:\/\/yoast.com\/wordpress\/plugins\/seo\/ -->\n<title>Au quotidien - Mairie de Nohanent<\/title>\n<meta name=\"robots\" content=\"index, follow, max-snippet:-1, max-image-preview:large, max-video-preview:-1\" \/>\n<link rel=\"canonical\" href=\"https:\/\/www.dev2-cowork-com.fr\/nohanent\/au-quotidien\/\" \/>\n<meta property=\"og:locale\" content=\"fr_FR\" \/>\n<meta property=\"og:type\" content=\"article\" \/>\n<meta property=\"og:title\" content=\"Au quotidien - Mairie de Nohanent\" \/>\n<meta property=\"og:description\" content=\"LES LOISIRS POUR LA JEUNESSE Samedi 8 septembre, culture, sports&#8230; pas le temps de s\u2019ennuyer ! Des touts petits aux ados, tous trouveront leur bonheur, \u00e0 Nohanent&#8230;. LE BULLETIN MUNICIPAL Samedi 1 novembre, le maire Laurent Ganet a pr\u00e9sent\u00e9 le nouveau bulletin municipal, un num\u00e9ro...\" \/>\n<meta property=\"og:url\" content=\"https:\/\/www.dev2-cowork-com.fr\/nohanent\/au-quotidien\/\" \/>\n<meta property=\"og:site_name\" content=\"Mairie de Nohanent\" \/>\n<meta property=\"article:modified_time\" content=\"2025-10-09T13:21:01+00:00\" \/>\n<meta property=\"og:image\" content=\"https:\/\/www.dev2-cowork-com.fr\/nohanent\/wp-content\/uploads\/2020\/07\/4.png\" \/>\n<meta name=\"twitter:card\" content=\"summary_large_image\" \/>\n<script type=\"application\/ld+json\" class=\"yoast-schema-graph\">{\"@context\":\"https:\/\/schema.org\",\"@graph\":[{\"@type\":\"WebPage\",\"@id\":\"https:\/\/www.dev2-cowork-com.fr\/nohanent\/au-quotidien\/\",\"url\":\"https:\/\/www.dev2-cowork-com.fr\/nohanent\/au-quotidien\/\",\"name\":\"Au quotidien - Mairie de Nohanent\",\"isPartOf\":{\"@id\":\"https:\/\/www.dev2-cowork-com.fr\/nohanent\/#website\"},\"primaryImageOfPage\":{\"@id\":\"https:\/\/www.dev2-cowork-com.fr\/nohanent\/au-quotidien\/#primaryimage\"},\"image\":{\"@id\":\"https:\/\/www.dev2-cowork-com.fr\/nohanent\/au-quotidien\/#primaryimage\"},\"thumbnailUrl\":\"https:\/\/www.dev2-cowork-com.fr\/nohanent\/wp-content\/uploads\/2020\/07\/4.png\",\"datePublished\":\"2025-09-29T08:32:16+00:00\",\"dateModified\":\"2025-10-09T13:21:01+00:00\",\"breadcrumb\":{\"@id\":\"https:\/\/www.dev2-cowork-com.fr\/nohanent\/au-quotidien\/#breadcrumb\"},\"inLanguage\":\"fr-FR\",\"potentialAction\":[{\"@type\":\"ReadAction\",\"target\":[\"https:\/\/www.dev2-cowork-com.fr\/nohanent\/au-quotidien\/\"]}]},{\"@type\":\"ImageObject\",\"inLanguage\":\"fr-FR\",\"@id\":\"https:\/\/www.dev2-cowork-com.fr\/nohanent\/au-quotidien\/#primaryimage\",\"url\":\"https:\/\/www.dev2-cowork-com.fr\/nohanent\/wp-content\/uploads\/2020\/07\/4.png\",\"contentUrl\":\"https:\/\/www.dev2-cowork-com.fr\/nohanent\/wp-content\/uploads\/2020\/07\/4.png\",\"width\":1080,\"height\":1080},{\"@type\":\"BreadcrumbList\",\"@id\":\"https:\/\/www.dev2-cowork-com.fr\/nohanent\/au-quotidien\/#breadcrumb\",\"itemListElement\":[{\"@type\":\"ListItem\",\"position\":1,\"name\":\"Accueil\",\"item\":\"https:\/\/www.dev2-cowork-com.fr\/nohanent\/\"},{\"@type\":\"ListItem\",\"position\":2,\"name\":\"Au quotidien\"}]},{\"@type\":\"WebSite\",\"@id\":\"https:\/\/www.dev2-cowork-com.fr\/nohanent\/#website\",\"url\":\"https:\/\/www.dev2-cowork-com.fr\/nohanent\/\",\"name\":\"Mairie de Nohanent\",\"description\":\"Toute l&#039;actualit&eacute; de votre commune\",\"potentialAction\":[{\"@type\":\"SearchAction\",\"target\":{\"@type\":\"EntryPoint\",\"urlTemplate\":\"https:\/\/www.dev2-cowork-com.fr\/nohanent\/?s={search_term_string}\"},\"query-input\":{\"@type\":\"PropertyValueSpecification\",\"valueRequired\":true,\"valueName\":\"search_term_string\"}}],\"inLanguage\":\"fr-FR\"}]}<\/script>\n<!-- \/ Yoast SEO plugin. -->","yoast_head_json":{"title":"Au quotidien - Mairie de Nohanent","robots":{"index":"index","follow":"follow","max-snippet":"max-snippet:-1","max-image-preview":"max-image-preview:large","max-video-preview":"max-video-preview:-1"},"canonical":"https:\/\/www.dev2-cowork-com.fr\/nohanent\/au-quotidien\/","og_locale":"fr_FR","og_type":"article","og_title":"Au quotidien - Mairie de Nohanent","og_description":"LES LOISIRS POUR LA JEUNESSE Samedi 8 septembre, culture, sports&#8230; pas le temps de s\u2019ennuyer ! Des touts petits aux ados, tous trouveront leur bonheur, \u00e0 Nohanent&#8230;. LE BULLETIN MUNICIPAL Samedi 1 novembre, le maire Laurent Ganet a pr\u00e9sent\u00e9 le nouveau bulletin municipal, un num\u00e9ro...","og_url":"https:\/\/www.dev2-cowork-com.fr\/nohanent\/au-quotidien\/","og_site_name":"Mairie de Nohanent","article_modified_time":"2025-10-09T13:21:01+00:00","og_image":[{"url":"https:\/\/www.dev2-cowork-com.fr\/nohanent\/wp-content\/uploads\/2020\/07\/4.png","type":"","width":"","height":""}],"twitter_card":"summary_large_image","schema":{"@context":"https:\/\/schema.org","@graph":[{"@type":"WebPage","@id":"https:\/\/www.dev2-cowork-com.fr\/nohanent\/au-quotidien\/","url":"https:\/\/www.dev2-cowork-com.fr\/nohanent\/au-quotidien\/","name":"Au quotidien - Mairie de Nohanent","isPartOf":{"@id":"https:\/\/www.dev2-cowork-com.fr\/nohanent\/#website"},"primaryImageOfPage":{"@id":"https:\/\/www.dev2-cowork-com.fr\/nohanent\/au-quotidien\/#primaryimage"},"image":{"@id":"https:\/\/www.dev2-cowork-com.fr\/nohanent\/au-quotidien\/#primaryimage"},"thumbnailUrl":"https:\/\/www.dev2-cowork-com.fr\/nohanent\/wp-content\/uploads\/2020\/07\/4.png","datePublished":"2025-09-29T08:32:16+00:00","dateModified":"2025-10-09T13:21:01+00:00","breadcrumb":{"@id":"https:\/\/www.dev2-cowork-com.fr\/nohanent\/au-quotidien\/#breadcrumb"},"inLanguage":"fr-FR","potentialAction":[{"@type":"ReadAction","target":["https:\/\/www.dev2-cowork-com.fr\/nohanent\/au-quotidien\/"]}]},{"@type":"ImageObject","inLanguage":"fr-FR","@id":"https:\/\/www.dev2-cowork-com.fr\/nohanent\/au-quotidien\/#primaryimage","url":"https:\/\/www.dev2-cowork-com.fr\/nohanent\/wp-content\/uploads\/2020\/07\/4.png","contentUrl":"https:\/\/www.dev2-cowork-com.fr\/nohanent\/wp-content\/uploads\/2020\/07\/4.png","width":1080,"height":1080},{"@type":"BreadcrumbList","@id":"https:\/\/www.dev2-cowork-com.fr\/nohanent\/au-quotidien\/#breadcrumb","itemListElement":[{"@type":"ListItem","position":1,"name":"Accueil","item":"https:\/\/www.dev2-cowork-com.fr\/nohanent\/"},{"@type":"ListItem","position":2,"name":"Au quotidien"}]},{"@type":"WebSite","@id":"https:\/\/www.dev2-cowork-com.fr\/nohanent\/#website","url":"https:\/\/www.dev2-cowork-com.fr\/nohanent\/","name":"Mairie de Nohanent","description":"Toute l&#039;actualit&eacute; de votre commune","potentialAction":[{"@type":"SearchAction","target":{"@type":"EntryPoint","urlTemplate":"https:\/\/www.dev2-cowork-com.fr\/nohanent\/?s={search_term_string}"},"query-input":{"@type":"PropertyValueSpecification","valueRequired":true,"valueName":"search_term_string"}}],"inLanguage":"fr-FR"}]}},"_links":{"self":[{"href":"https:\/\/www.dev2-cowork-com.fr\/nohanent\/wp-json\/wp\/v2\/pages\/508","targetHints":{"allow":["GET"]}}],"collection":[{"href":"https:\/\/www.dev2-cowork-com.fr\/nohanent\/wp-json\/wp\/v2\/pages"}],"about":[{"href":"https:\/\/www.dev2-cowork-com.fr\/nohanent\/wp-json\/wp\/v2\/types\/page"}],"author":[{"embeddable":true,"href":"https:\/\/www.dev2-cowork-com.fr\/nohanent\/wp-json\/wp\/v2\/users\/1"}],"replies":[{"embeddable":true,"href":"https:\/\/www.dev2-cowork-com.fr\/nohanent\/wp-json\/wp\/v2\/comments?post=508"}],"version-history":[{"count":4,"href":"https:\/\/www.dev2-cowork-com.fr\/nohanent\/wp-json\/wp\/v2\/pages\/508\/revisions"}],"predecessor-version":[{"id":1155,"href":"https:\/\/www.dev2-cowork-com.fr\/nohanent\/wp-json\/wp\/v2\/pages\/508\/revisions\/1155"}],"wp:attachment":[{"href":"https:\/\/www.dev2-cowork-com.fr\/nohanent\/wp-json\/wp\/v2\/media?parent=508"}],"curies":[{"name":"wp","href":"https:\/\/api.w.org\/{rel}","templated":true}]}}